{"id":294,"date":"2021-09-03T06:16:10","date_gmt":"2021-09-03T06:16:10","guid":{"rendered":"https:\/\/mediasystem.club\/?page_id=294"},"modified":"2024-04-11T17:48:04","modified_gmt":"2024-04-11T17:48:04","slug":"about-us","status":"publish","type":"page","link":"https:\/\/mediasystem.club\/es\/about-us","title":{"rendered":"Qui\u00e9nes somos"},"content":{"rendered":"<!--themify_builder_content-->\n<div id=\"themify_builder_content-294\" data-postid=\"294\" class=\"themify_builder_content themify_builder_content-294 themify_builder tf_clear\">\n    \t\t\t\t<div  data-lazy=\"1\" class=\"module_row themify_builder_row tb_11ap740 tb_first tf_w\">\n\t\t\t\t\t\t<div class=\"row_inner col_align_top tb_col_count_1 tf_box tf_rel\">\n\t\t\t\t\t\t<div  data-lazy=\"1\" class=\"module_column tb-column col-full tb_xc8p741 first\">\n\t\t\t\t\t<!-- module text -->\n<div  class=\"module module-text tb_xdj5500\" data-lazy=\"1\">\n\t    <div  class=\"tb_text_wrap\">\n\t\t<h1>Qui\u00e9nes somos<\/h1>    <\/div>\n<\/div>\n<!-- \/module text -->\t\t<\/div>\n\t\t\t\t\t\t<\/div>\n\t\t<\/div>\n\t\t\t\t\t\t<div  data-css_id=\"ur3p563\" data-lazy=\"1\" class=\"module_row themify_builder_row fullwidth_row_container tb_ur3p563 tf_w\">\n\t\t\t\t\t\t<div class=\"row_inner col_align_top tb_col_count_1 tf_box tf_rel\">\n\t\t\t\t\t\t<div  data-lazy=\"1\" class=\"module_column tb-column col-full tb_0nuz566 first\">\n\t\t\t\t\t\t\t<div  data-lazy=\"1\" class=\"module_subrow themify_builder_sub_row tf_w col_align_middle gutter-none tb_col_count_2 tb_4011569\">\n\t\t\t\t<div  data-lazy=\"1\" class=\"module_column sub_column tb_3v5p574 first\">\n\t\t\t\t\t<!-- module image -->\n<div  class=\"module module-image tb_5frh576 image-center   tf_mw\" data-lazy=\"1\" data-lax-translate-y=\"(vh*0.7) 0,(vh*0) -70\" data-lax=\"true\">\n        <div class=\"image-wrap tf_rel tf_mw\">\n\t\t    <img loading=\"lazy\" decoding=\"async\" src=\"https:\/\/mediasystem.club\/wp-content\/uploads\/2024\/04\/1-56307190_m_normal_none-600x898.webp\" width=\"600\" height=\"898\" class=\"wp-post-image wp-image-710\" title=\"1 56307190_m_normal_none\" alt=\"1 56307190_m_normal_none\" srcset=\"https:\/\/mediasystem.club\/wp-content\/uploads\/2024\/04\/1-56307190_m_normal_none-600x898.webp 600w, https:\/\/mediasystem.club\/wp-content\/uploads\/2024\/04\/1-56307190_m_normal_none-200x300.webp 200w, https:\/\/mediasystem.club\/wp-content\/uploads\/2024\/04\/1-56307190_m_normal_none-8x12.webp 8w, https:\/\/mediasystem.club\/wp-content\/uploads\/2024\/04\/1-56307190_m_normal_none.webp 534w\" sizes=\"(max-width: 600px) 100vw, 600px\" \/>\t\n\t\t<\/div>\n\t<!-- \/image-wrap -->\n    \n    \t<\/div>\n<!-- \/module image -->\t\t<\/div>\n\t\t\t\t\t<div  data-lazy=\"1\" class=\"module_column sub_column tb_746z577 last\">\n\t\t\t\t\t<!-- module text -->\n<div  class=\"module module-text tb_e8lp580\" data-lazy=\"1\">\n\t    <div  class=\"tb_text_wrap\">\n\t\t<div>\n<h2>\u00bfQu\u00e9 es Lorem Ipsum?<\/h2>\n<p><strong>Lorem Ipsum<\/strong>\u00a0es simplemente el texto ficticio de la industria tipogr\u00e1fica. Lorem Ipsum ha sido el texto ficticio est\u00e1ndar de la industria desde el siglo XVI, cuando un impresor desconocido tom\u00f3 una galera de tipos y la revolvi\u00f3 para hacer un libro de muestras tipogr\u00e1ficas. Ha sobrevivido no s\u00f3lo a cinco siglos, sino tambi\u00e9n al salto a la composici\u00f3n electr\u00f3nica, permaneciendo esencialmente inalterado. Se populariz\u00f3 en los a\u00f1os 60 con la aparici\u00f3n de las hojas Letraset, que conten\u00edan pasajes de Lorem Ipsum, y m\u00e1s recientemente con programas de autoedici\u00f3n como Aldus PageMaker, que inclu\u00edan versiones de Lorem Ipsum.<\/p>\n<\/div>\n<div>\n<h2>\u00bfPor qu\u00e9 lo utilizamos?<\/h2>\n<p>Es un hecho probado desde hace tiempo que un lector se distraer\u00e1 del contenido legible de una p\u00e1gina cuando mire su dise\u00f1o. La ventaja de utilizar Lorem Ipsum es que tiene una distribuci\u00f3n m\u00e1s o menos normal de las letras, a diferencia de utilizar \"Contenido aqu\u00ed, contenido aqu\u00ed\", lo que hace que parezca un ingl\u00e9s legible. Muchos paquetes de autoedici\u00f3n y editores de p\u00e1ginas web utilizan ahora Lorem Ipsum como modelo de texto por defecto, y una b\u00fasqueda de \"lorem ipsum\" descubrir\u00e1 muchos sitios web a\u00fan en pa\u00f1ales. A lo largo de los a\u00f1os han evolucionado varias versiones, a veces por accidente, a veces a prop\u00f3sito (inyectando humor y cosas por el estilo).<\/p>\n<\/div>    <\/div>\n<\/div>\n<!-- \/module text -->\t\t<\/div>\n\t\t\t\t\t<\/div>\n\t\t\t\t<\/div>\n\t\t\t\t\t\t<\/div>\n\t\t<\/div>\n\t\t<\/div>\n<!--\/themify_builder_content-->","protected":false},"excerpt":{"rendered":"<p>About us GOOD BREAD SHOP bakery was established in 1991. The commitment and passion of our family made a small production plant transform into a dynamically developing company. Over the years of our bakery and confectionery, we have gained the trust of many residents. Customer satisfaction is our top priority. We make every effort to [&hellip;]<\/p>","protected":false},"author":1,"featured_media":0,"parent":0,"menu_order":0,"comment_status":"closed","ping_status":"closed","template":"","meta":{"footnotes":""},"builder_content":"<h1>About us<\/h1>\n<img src=\"https:\/\/mediasystem.club\/wp-content\/uploads\/2024\/04\/1-56307190_m_normal_none-600x898.webp\" width=\"600\" height=\"898\" title=\"1 56307190_m_normal_none\" alt=\"1 56307190_m_normal_none\" srcset=\"https:\/\/mediasystem.club\/wp-content\/uploads\/2024\/04\/1-56307190_m_normal_none-600x898.webp 600w, https:\/\/mediasystem.club\/wp-content\/uploads\/2024\/04\/1-56307190_m_normal_none-200x300.webp 200w, https:\/\/mediasystem.club\/wp-content\/uploads\/2024\/04\/1-56307190_m_normal_none-8x12.webp 8w, https:\/\/mediasystem.club\/wp-content\/uploads\/2024\/04\/1-56307190_m_normal_none.webp 534w\" sizes=\"(max-width: 600px) 100vw, 600px\" \/>\n<h2>What is Lorem Ipsum?<\/h2> <p><strong>Lorem Ipsum<\/strong>\u00a0is simply dummy text of the printing and typesetting industry. Lorem Ipsum has been the industry's standard dummy text ever since the 1500s, when an unknown printer took a galley of type and scrambled it to make a type specimen book. It has survived not only five centuries, but also the leap into electronic typesetting, remaining essentially unchanged. It was popularised in the 1960s with the release of Letraset sheets containing Lorem Ipsum passages, and more recently with desktop publishing software like Aldus PageMaker including versions of Lorem Ipsum.<\/p>\n<h2>Why do we use it?<\/h2> <p>It is a long established fact that a reader will be distracted by the readable content of a page when looking at its layout. The point of using Lorem Ipsum is that it has a more-or-less normal distribution of letters, as opposed to using 'Content here, content here', making it look like readable English. Many desktop publishing packages and web page editors now use Lorem Ipsum as their default model text, and a search for 'lorem ipsum' will uncover many web sites still in their infancy. Various versions have evolved over the years, sometimes by accident, sometimes on purpose (injected humour and the like).<\/p>","_links":{"self":[{"href":"https:\/\/mediasystem.club\/es\/wp-json\/wp\/v2\/pages\/294"}],"collection":[{"href":"https:\/\/mediasystem.club\/es\/wp-json\/wp\/v2\/pages"}],"about":[{"href":"https:\/\/mediasystem.club\/es\/wp-json\/wp\/v2\/types\/page"}],"author":[{"embeddable":true,"href":"https:\/\/mediasystem.club\/es\/wp-json\/wp\/v2\/users\/1"}],"replies":[{"embeddable":true,"href":"https:\/\/mediasystem.club\/es\/wp-json\/wp\/v2\/comments?post=294"}],"version-history":[{"count":14,"href":"https:\/\/mediasystem.club\/es\/wp-json\/wp\/v2\/pages\/294\/revisions"}],"predecessor-version":[{"id":711,"href":"https:\/\/mediasystem.club\/es\/wp-json\/wp\/v2\/pages\/294\/revisions\/711"}],"wp:attachment":[{"href":"https:\/\/mediasystem.club\/es\/wp-json\/wp\/v2\/media?parent=294"}],"curies":[{"name":"wp","href":"https:\/\/api.w.org\/{rel}","templated":true}]}}