{"id":515,"date":"2019-05-02T04:01:26","date_gmt":"2019-05-02T04:01:26","guid":{"rendered":"https:\/\/mediasystem.club\/home-2"},"modified":"2023-04-27T09:56:19","modified_gmt":"2023-04-27T09:56:19","slug":"home-2","status":"publish","type":"page","link":"https:\/\/mediasystem.club\/es\/","title":{"rendered":"Inicio"},"content":{"rendered":"<!--themify_builder_content-->\n<div id=\"themify_builder_content-515\" data-postid=\"515\" class=\"themify_builder_content themify_builder_content-515 themify_builder tf_clear\">\n    \t\t\t\t<div  data-lazy=\"1\" class=\"module_row themify_builder_row tb_o4jo661 tb_first tf_w\">\n\t\t\t\t\t\t<div class=\"row_inner col_align_top tb_col_count_1 tf_box tf_rel\">\n\t\t\t\t\t\t<div  data-lazy=\"1\" class=\"module_column tb-column col-full tb_71f5663 first\">\n\t\t\t\t\t\t\t<div  data-lazy=\"1\" class=\"module_subrow themify_builder_sub_row tf_w col_align_top tb_col_count_1 tb_ua8b962\">\n\t\t\t\t<div  data-lazy=\"1\" class=\"module_column sub_column col-full tb_xqyj962 first\">\n\t\t\t\t\t<!-- module image -->\n<div  class=\"module module-image tb_f4ub329 image-full-overlay   tf_mw\" data-lazy=\"1\">\n        <div class=\"image-wrap tf_rel tf_mw\">\n\t\t    <img loading=\"lazy\" decoding=\"async\" width=\"1700\" height=\"797\" src=\"https:\/\/mediasystem.club\/wp-content\/uploads\/2023\/03\/85543588_m_normal_none.webp\" class=\"wp-post-image wp-image-612\" title=\"85543588_m_normal_none\" alt=\"85543588_m_normal_none\" srcset=\"https:\/\/mediasystem.club\/wp-content\/uploads\/2023\/03\/85543588_m_normal_none.webp 1700w, https:\/\/mediasystem.club\/wp-content\/uploads\/2023\/03\/85543588_m_normal_none-300x141.webp 300w, https:\/\/mediasystem.club\/wp-content\/uploads\/2023\/03\/85543588_m_normal_none-1024x480.webp 1024w, https:\/\/mediasystem.club\/wp-content\/uploads\/2023\/03\/85543588_m_normal_none-768x360.webp 768w, https:\/\/mediasystem.club\/wp-content\/uploads\/2023\/03\/85543588_m_normal_none-1536x720.webp 1536w, https:\/\/mediasystem.club\/wp-content\/uploads\/2023\/03\/85543588_m_normal_none-600x281.webp 600w\" sizes=\"(max-width: 1700px) 100vw, 1700px\" \/>\t\n\t\t<\/div>\n\t<!-- \/image-wrap -->\n    \n    \t<\/div>\n<!-- \/module image -->\t\t<\/div>\n\t\t\t\t\t<\/div>\n\t\t\t\t<\/div>\n\t\t\t\t\t\t<\/div>\n\t\t<\/div>\n\t\t\t\t\t\t<div  data-lazy=\"1\" class=\"module_row themify_builder_row tb_qxhd60 tf_w\">\n\t\t\t\t\t\t<div class=\"row_inner col_align_top tb_col_count_1 tf_box tf_rel\">\n\t\t\t\t\t\t<div  data-lazy=\"1\" class=\"module_column tb-column col-full tb_8ybm61 first\">\n\t\t\t\t\t<!-- module text -->\n<div  class=\"module module-text tb_luh7500\" data-lazy=\"1\">\n\t    <div  class=\"tb_text_wrap\">\n\t\t<h2 style=\"text-align: center;\">B\u00fasqueda de periodistas y n\u00fameros de acreditaci\u00f3n<\/h2>    <\/div>\n<\/div>\n<!-- \/module text -->\t\t<div  data-lazy=\"1\" class=\"module_subrow themify_builder_sub_row tf_w col_align_middle gutter-none tb_col_count_3 tb_btfe560\">\n\t\t\t\t<div  data-lazy=\"1\" class=\"module_column sub_column col4-1 tb_7nzy560 first\">\n\t\t\t\t\t\t\t<\/div>\n\t\t\t\t\t<div  data-lazy=\"1\" class=\"module_column sub_column col4-2 tb_92ep0\">\n\t\t\t\t\t<!-- module menu -->\n<div  class=\"module module-menu tb_5oiy576  mobile-menu-slide\" data-menu-style=\"mobile-menu-slide\" data-menu-breakpoint=\"0\" data-element-id=\"tb_5oiy576\" data-lazy=\"1\">\n    \t\n\t<div class=\"module-menu-container\"><ul id=\"menu-menu-kategorie\" class=\"ui tf_clearfix nav tf_rel tf_scrollbar menu-bar tb_default_color rounded gradient glossy embossed shadow\"><li id=\"menu-item-659\" class=\"menu-item-custom-659 menu-item menu-item-type-custom menu-item-object-custom menu-item-659\"><a href=\"https:\/\/mediasystem.club\/es\/categoria-producto\/journalists\/\">Periodistas<\/a><\/li>\n<li id=\"menu-item-660\" class=\"menu-item-custom-660 menu-item menu-item-type-custom menu-item-object-custom menu-item-660\"><a href=\"https:\/\/mediasystem.club\/es\/categoria-producto\/artists\/\">Artistas<\/a><\/li>\n<li id=\"menu-item-661\" class=\"menu-item-custom-661 menu-item menu-item-type-custom menu-item-object-custom menu-item-661\"><a href=\"https:\/\/mediasystem.club\/es\/categoria-producto\/actors\/\">Actores<\/a><\/li>\n<\/ul><\/div>\t\t<style>\n\t\t\t.mobile-menu-module[data-module=\"tb_5oiy576\"]{\n\t\t\t\tright:-300px\t\t\t}\n\t\t<\/style>\n\t<\/div>\n<!-- \/module menu -->\n<!-- module widget -->\n<div  class=\"module module-widget tb_p4cr675\" data-lazy=\"1\">\n\t<div class=\"widget woocommerce widget_product_search\"><form role=\"search\" method=\"get\" class=\"woocommerce-product-search\" action=\"https:\/\/mediasystem.club\/es\/\" data-trp-original-action=\"https:\/\/mediasystem.club\/es\/\">\n\t<label class=\"screen-reader-text\" for=\"woocommerce-product-search-field-0\" data-no-translation=\"\" data-trp-gettext=\"\">Buscar:<\/label>\n\t<input type=\"search\" id=\"woocommerce-product-search-field-0\" class=\"search-field\" placeholder=\"Buscar productos...\" value=\"\" name=\"s\" data-no-translation-placeholder=\"\" \/>\n\t<button type=\"submit\" value=\"Buscar en\" class=\"\" data-no-translation=\"\" data-trp-gettext=\"\" data-no-translation-value=\"\">Buscar en<\/button>\n\t<input type=\"hidden\" name=\"post_type\" value=\"product\" \/>\n<input type=\"hidden\" name=\"trp-form-language\" value=\"es\"\/><\/form>\n<\/div><\/div>\n<!-- \/module widget -->\n\t\t<\/div>\n\t\t\t\t\t<div  data-lazy=\"1\" class=\"module_column sub_column col4-1 tb_wj270 last\">\n\t\t\t\t\t\t\t<\/div>\n\t\t\t\t\t<\/div>\n\t\t\t\t<\/div>\n\t\t\t\t\t\t<\/div>\n\t\t<\/div>\n\t\t\t\t\t\t<div  data-lazy=\"1\" class=\"module_row themify_builder_row tb_o8nv443 tf_w\">\n\t\t\t\t\t\t<div class=\"row_inner col_align_top tb_col_count_1 tf_box tf_rel\">\n\t\t\t\t\t\t<div  data-lazy=\"1\" class=\"module_column tb-column col-full tb_fz1w444 first\">\n\t\t\t\t\t<!-- module fancy heading -->\n<div  class=\"module module-fancy-heading tb_kzgl213  tb_hide_divider\" data-lazy=\"1\">\n\t    <h3 class=\"fancy-heading tf_textc\">\n    <span class=\"main-head tf_block\">\n\t\t\t\t\tPrensa - Enlaces\t\t    <\/span>\n\n\t\n    <span class=\"sub-head tf_block tf_rel\">\n\t\t\t\t\t\t\t    <\/span>\n    <\/h3>\n<\/div>\n<!-- \/module fancy heading -->\n\t\t<\/div>\n\t\t\t\t\t\t<\/div>\n\t\t<\/div>\n\t\t\t\t\t\t<div  data-lazy=\"1\" class=\"module_row themify_builder_row tb_t53l21 tf_w\">\n\t\t\t\t\t\t<div class=\"row_inner col_align_top tb_col_count_3 tf_box tf_rel\">\n\t\t\t\t\t\t<div  data-lazy=\"1\" class=\"module_column tb-column col3-1 tb_5ejg21 first\">\n\t\t\t\t\t<!-- module fancy heading -->\n<div  class=\"module module-fancy-heading tb_dswp649  tb_hide_divider\" data-lazy=\"1\">\n\t    <h3 class=\"fancy-heading tf_textc\">\n    <span class=\"main-head tf_block\">\n\t\t\t\t\tLey de prensa en Italia\t\t    <\/span>\n\n\t\n    <span class=\"sub-head tf_block tf_rel\">\n\t\t\t\t\t\t\t    <\/span>\n    <\/h3>\n<\/div>\n<!-- \/module fancy heading -->\n<!-- module image -->\n<div  class=\"module module-image tb_ha0094 image-center   tf_mw\" data-lazy=\"1\">\n        <div class=\"image-wrap tf_rel tf_mw\">\n\t\t    <a href=\"https:\/\/www.odg.it\/legge-n-69-1963\/24261\">\n\t\t   \t\t<img loading=\"lazy\" decoding=\"async\" width=\"456\" height=\"292\" src=\"https:\/\/mediasystem.club\/wp-content\/uploads\/2023\/04\/IT.webp\" class=\"wp-post-image wp-image-691\" title=\"TI\" alt=\"IT\" srcset=\"https:\/\/mediasystem.club\/wp-content\/uploads\/2023\/04\/IT.webp 456w, https:\/\/mediasystem.club\/wp-content\/uploads\/2023\/04\/IT-300x192.webp 300w, https:\/\/mediasystem.club\/wp-content\/uploads\/2023\/04\/IT-18x12.webp 18w\" sizes=\"(max-width: 456px) 100vw, 456px\" \/>\t    <\/a>\n\t\n\t\t<\/div>\n\t<!-- \/image-wrap -->\n    \n    \t<\/div>\n<!-- \/module image -->\t\t<\/div>\n\t\t\t\t\t<div  data-lazy=\"1\" class=\"module_column tb-column col3-1 tb_xync22\">\n\t\t\t\t\t<!-- module fancy heading -->\n<div  class=\"module module-fancy-heading tb_86be997\" data-lazy=\"1\">\n\t    <h3 class=\"fancy-heading tf_textc\">\n    <span class=\"main-head tf_block\">\n\t\t\t\t\tCultura\t\t    <\/span>\n\n\t\n    <span class=\"sub-head tf_block tf_rel\">\n\t\t\t\t\t\t\t    <\/span>\n    <\/h3>\n<\/div>\n<!-- \/module fancy heading -->\n\t\t<\/div>\n\t\t\t\t\t<div  data-lazy=\"1\" class=\"module_column tb-column col3-1 tb_38yb23 last\">\n\t\t\t\t\t<!-- module fancy heading -->\n<div  class=\"module module-fancy-heading tb_ufnc860\" data-lazy=\"1\">\n\t    <h3 class=\"fancy-heading tf_textc\">\n    <span class=\"main-head tf_block\">\n\t\t\t\t\tNoticias\t\t    <\/span>\n\n\t\n    <span class=\"sub-head tf_block tf_rel\">\n\t\t\t\t\t\t\t    <\/span>\n    <\/h3>\n<\/div>\n<!-- \/module fancy heading -->\n\t\t<\/div>\n\t\t\t\t\t\t<\/div>\n\t\t<\/div>\n\t\t<\/div>\n<!--\/themify_builder_content-->","protected":false},"excerpt":{"rendered":"<p>B\u00fasqueda de periodistas y n\u00fameros de acreditaci\u00f3n<\/p>","protected":false},"author":2,"featured_media":0,"parent":0,"menu_order":0,"comment_status":"closed","ping_status":"closed","template":"","meta":{"footnotes":""},"builder_content":"<img src=\"https:\/\/mediasystem.club\/wp-content\/uploads\/2023\/03\/85543588_m_normal_none.webp\" title=\"85543588_m_normal_none\" alt=\"85543588_m_normal_none\" srcset=\"https:\/\/mediasystem.club\/wp-content\/uploads\/2023\/03\/85543588_m_normal_none.webp 1700w, https:\/\/mediasystem.club\/wp-content\/uploads\/2023\/03\/85543588_m_normal_none-300x141.webp 300w, https:\/\/mediasystem.club\/wp-content\/uploads\/2023\/03\/85543588_m_normal_none-1024x480.webp 1024w, https:\/\/mediasystem.club\/wp-content\/uploads\/2023\/03\/85543588_m_normal_none-768x360.webp 768w, https:\/\/mediasystem.club\/wp-content\/uploads\/2023\/03\/85543588_m_normal_none-1536x720.webp 1536w, https:\/\/mediasystem.club\/wp-content\/uploads\/2023\/03\/85543588_m_normal_none-600x281.webp 600w\" sizes=\"(max-width: 1700px) 100vw, 1700px\" \/>\n<h2 style=\"text-align: center;\">Search for journalists and accreditation numbers<\/h2>\n<ul id=\"menu-menu-kategorie-1\"><li><a href=\"https:\/\/mediasystem.club\/product-category\/journalists\">Journalists<\/a><\/li> <li><a href=\"https:\/\/mediasystem.club\/product-category\/artists\">Artists<\/a><\/li> <li><a href=\"https:\/\/mediasystem.club\/product-category\/actors\">Actors<\/a><\/li> <\/ul>\n<form role=\"search\" method=\"get\" action=\"https:\/\/mediasystem.club\/es\/\"> <label for=\"woocommerce-product-search-field-1\">Buscar:<\/label> <input type=\"search\" id=\"woocommerce-product-search-field-1\" placeholder=\"Buscar productos...\" value=\"\" name=\"s\" \/> <button type=\"submit\" value=\"Buscar en\">Buscar en<\/button> <input type=\"hidden\" name=\"post_type\" value=\"product\" \/> <\/form>\n<h3>Press Law- Links<br\/><\/h3>\n<h3>Press law in Italy<br\/><\/h3>\n<a href=\"https:\/\/www.odg.it\/legge-n-69-1963\/24261\"> <img src=\"https:\/\/mediasystem.club\/wp-content\/uploads\/2023\/04\/IT.webp\" title=\"IT\" alt=\"IT\" srcset=\"https:\/\/mediasystem.club\/wp-content\/uploads\/2023\/04\/IT.webp 456w, https:\/\/mediasystem.club\/wp-content\/uploads\/2023\/04\/IT-300x192.webp 300w, https:\/\/mediasystem.club\/wp-content\/uploads\/2023\/04\/IT-18x12.webp 18w\" sizes=\"(max-width: 456px) 100vw, 456px\" \/> <\/a>\n<h3>Culture<br\/><\/h3>\n<h3>News<br\/><\/h3>","_links":{"self":[{"href":"https:\/\/mediasystem.club\/es\/wp-json\/wp\/v2\/pages\/515"}],"collection":[{"href":"https:\/\/mediasystem.club\/es\/wp-json\/wp\/v2\/pages"}],"about":[{"href":"https:\/\/mediasystem.club\/es\/wp-json\/wp\/v2\/types\/page"}],"author":[{"embeddable":true,"href":"https:\/\/mediasystem.club\/es\/wp-json\/wp\/v2\/users\/2"}],"replies":[{"embeddable":true,"href":"https:\/\/mediasystem.club\/es\/wp-json\/wp\/v2\/comments?post=515"}],"version-history":[{"count":28,"href":"https:\/\/mediasystem.club\/es\/wp-json\/wp\/v2\/pages\/515\/revisions"}],"predecessor-version":[{"id":704,"href":"https:\/\/mediasystem.club\/es\/wp-json\/wp\/v2\/pages\/515\/revisions\/704"}],"wp:attachment":[{"href":"https:\/\/mediasystem.club\/es\/wp-json\/wp\/v2\/media?parent=515"}],"curies":[{"name":"wp","href":"https:\/\/api.w.org\/{rel}","templated":true}]}}