{"id":294,"date":"2021-09-03T06:16:10","date_gmt":"2021-09-03T06:16:10","guid":{"rendered":"https:\/\/mediasystem.club\/?page_id=294"},"modified":"2024-04-11T17:48:04","modified_gmt":"2024-04-11T17:48:04","slug":"about-us","status":"publish","type":"page","link":"https:\/\/mediasystem.club\/fr\/about-us","title":{"rendered":"A propos de nous"},"content":{"rendered":"<!--themify_builder_content-->\n<div id=\"themify_builder_content-294\" data-postid=\"294\" class=\"themify_builder_content themify_builder_content-294 themify_builder tf_clear\">\n    \t\t\t\t<div  data-lazy=\"1\" class=\"module_row themify_builder_row tb_11ap740 tb_first tf_w\">\n\t\t\t\t\t\t<div class=\"row_inner col_align_top tb_col_count_1 tf_box tf_rel\">\n\t\t\t\t\t\t<div  data-lazy=\"1\" class=\"module_column tb-column col-full tb_xc8p741 first\">\n\t\t\t\t\t<!-- module text -->\n<div  class=\"module module-text tb_xdj5500\" data-lazy=\"1\">\n\t    <div  class=\"tb_text_wrap\">\n\t\t<h1>A propos de nous<\/h1>    <\/div>\n<\/div>\n<!-- \/module text -->\t\t<\/div>\n\t\t\t\t\t\t<\/div>\n\t\t<\/div>\n\t\t\t\t\t\t<div  data-css_id=\"ur3p563\" data-lazy=\"1\" class=\"module_row themify_builder_row fullwidth_row_container tb_ur3p563 tf_w\">\n\t\t\t\t\t\t<div class=\"row_inner col_align_top tb_col_count_1 tf_box tf_rel\">\n\t\t\t\t\t\t<div  data-lazy=\"1\" class=\"module_column tb-column col-full tb_0nuz566 first\">\n\t\t\t\t\t\t\t<div  data-lazy=\"1\" class=\"module_subrow themify_builder_sub_row tf_w col_align_middle gutter-none tb_col_count_2 tb_4011569\">\n\t\t\t\t<div  data-lazy=\"1\" class=\"module_column sub_column tb_3v5p574 first\">\n\t\t\t\t\t<!-- module image -->\n<div  class=\"module module-image tb_5frh576 image-center   tf_mw\" data-lazy=\"1\" data-lax-translate-y=\"(vh*0.7) 0,(vh*0) -70\" data-lax=\"true\">\n        <div class=\"image-wrap tf_rel tf_mw\">\n\t\t    <img loading=\"lazy\" decoding=\"async\" src=\"https:\/\/mediasystem.club\/wp-content\/uploads\/2024\/04\/1-56307190_m_normal_none-600x898.webp\" width=\"600\" height=\"898\" class=\"wp-post-image wp-image-710\" title=\"1 56307190_m_normal_none\" alt=\"1 56307190_m_normal_none\" srcset=\"https:\/\/mediasystem.club\/wp-content\/uploads\/2024\/04\/1-56307190_m_normal_none-600x898.webp 600w, https:\/\/mediasystem.club\/wp-content\/uploads\/2024\/04\/1-56307190_m_normal_none-200x300.webp 200w, https:\/\/mediasystem.club\/wp-content\/uploads\/2024\/04\/1-56307190_m_normal_none-8x12.webp 8w, https:\/\/mediasystem.club\/wp-content\/uploads\/2024\/04\/1-56307190_m_normal_none.webp 534w\" sizes=\"(max-width: 600px) 100vw, 600px\" \/>\t\n\t\t<\/div>\n\t<!-- \/image-wrap -->\n    \n    \t<\/div>\n<!-- \/module image -->\t\t<\/div>\n\t\t\t\t\t<div  data-lazy=\"1\" class=\"module_column sub_column tb_746z577 last\">\n\t\t\t\t\t<!-- module text -->\n<div  class=\"module module-text tb_e8lp580\" data-lazy=\"1\">\n\t    <div  class=\"tb_text_wrap\">\n\t\t<div>\n<h2>Qu'est-ce que le Lorem Ipsum ?<\/h2>\n<p><strong>Lorem Ipsum<\/strong>\u00a0est tout simplement le texte factice de l'industrie de l'imprimerie et de la composition. Le Lorem Ipsum est le texte factice standard de l'industrie depuis les ann\u00e9es 1500, lorsqu'un imprimeur inconnu a pris une gal\u00e8re de caract\u00e8res et l'a brouill\u00e9e pour en faire un livre de sp\u00e9cimens de caract\u00e8res. Il a surv\u00e9cu non seulement \u00e0 cinq si\u00e8cles, mais aussi au passage \u00e0 la composition \u00e9lectronique, en restant essentiellement inchang\u00e9. Il a \u00e9t\u00e9 popularis\u00e9 dans les ann\u00e9es 1960 avec la publication de feuilles Letraset contenant des passages Lorem Ipsum et, plus r\u00e9cemment, avec des logiciels de publication assist\u00e9e par ordinateur tels que Aldus PageMaker, qui incluent des versions de Lorem Ipsum.<\/p>\n<\/div>\n<div>\n<h2>Pourquoi l'utiliser ?<\/h2>\n<p>Il est \u00e9tabli depuis longtemps qu'un lecteur sera distrait par le contenu lisible d'une page lorsqu'il regarde sa mise en page. L'int\u00e9r\u00eat du Lorem Ipsum est qu'il pr\u00e9sente une distribution plus ou moins normale des lettres, contrairement \u00e0 l'utilisation de \"Content here, content here\", qui donne l'impression d'un anglais lisible. De nombreux logiciels de publication assist\u00e9e par ordinateur et \u00e9diteurs de pages web utilisent d\u00e9sormais le Lorem Ipsum comme texte mod\u00e8le par d\u00e9faut, et une recherche sur \"lorem ipsum\" permet de d\u00e9couvrir de nombreux sites web qui n'en sont encore qu'\u00e0 leurs balbutiements. Diverses versions ont \u00e9volu\u00e9 au fil des ans, parfois par accident, parfois \u00e0 dessein (humour inject\u00e9, etc.).<\/p>\n<\/div>    <\/div>\n<\/div>\n<!-- \/module text -->\t\t<\/div>\n\t\t\t\t\t<\/div>\n\t\t\t\t<\/div>\n\t\t\t\t\t\t<\/div>\n\t\t<\/div>\n\t\t<\/div>\n<!--\/themify_builder_content-->","protected":false},"excerpt":{"rendered":"<p>About us GOOD BREAD SHOP bakery was established in 1991. The commitment and passion of our family made a small production plant transform into a dynamically developing company. Over the years of our bakery and confectionery, we have gained the trust of many residents. Customer satisfaction is our top priority. We make every effort to [&hellip;]<\/p>","protected":false},"author":1,"featured_media":0,"parent":0,"menu_order":0,"comment_status":"closed","ping_status":"closed","template":"","meta":{"footnotes":""},"builder_content":"<h1>About us<\/h1>\n<img src=\"https:\/\/mediasystem.club\/wp-content\/uploads\/2024\/04\/1-56307190_m_normal_none-600x898.webp\" width=\"600\" height=\"898\" title=\"1 56307190_m_normal_none\" alt=\"1 56307190_m_normal_none\" srcset=\"https:\/\/mediasystem.club\/wp-content\/uploads\/2024\/04\/1-56307190_m_normal_none-600x898.webp 600w, https:\/\/mediasystem.club\/wp-content\/uploads\/2024\/04\/1-56307190_m_normal_none-200x300.webp 200w, https:\/\/mediasystem.club\/wp-content\/uploads\/2024\/04\/1-56307190_m_normal_none-8x12.webp 8w, https:\/\/mediasystem.club\/wp-content\/uploads\/2024\/04\/1-56307190_m_normal_none.webp 534w\" sizes=\"(max-width: 600px) 100vw, 600px\" \/>\n<h2>What is Lorem Ipsum?<\/h2> <p><strong>Lorem Ipsum<\/strong>\u00a0is simply dummy text of the printing and typesetting industry. Lorem Ipsum has been the industry's standard dummy text ever since the 1500s, when an unknown printer took a galley of type and scrambled it to make a type specimen book. It has survived not only five centuries, but also the leap into electronic typesetting, remaining essentially unchanged. It was popularised in the 1960s with the release of Letraset sheets containing Lorem Ipsum passages, and more recently with desktop publishing software like Aldus PageMaker including versions of Lorem Ipsum.<\/p>\n<h2>Why do we use it?<\/h2> <p>It is a long established fact that a reader will be distracted by the readable content of a page when looking at its layout. The point of using Lorem Ipsum is that it has a more-or-less normal distribution of letters, as opposed to using 'Content here, content here', making it look like readable English. Many desktop publishing packages and web page editors now use Lorem Ipsum as their default model text, and a search for 'lorem ipsum' will uncover many web sites still in their infancy. Various versions have evolved over the years, sometimes by accident, sometimes on purpose (injected humour and the like).<\/p>","_links":{"self":[{"href":"https:\/\/mediasystem.club\/fr\/wp-json\/wp\/v2\/pages\/294"}],"collection":[{"href":"https:\/\/mediasystem.club\/fr\/wp-json\/wp\/v2\/pages"}],"about":[{"href":"https:\/\/mediasystem.club\/fr\/wp-json\/wp\/v2\/types\/page"}],"author":[{"embeddable":true,"href":"https:\/\/mediasystem.club\/fr\/wp-json\/wp\/v2\/users\/1"}],"replies":[{"embeddable":true,"href":"https:\/\/mediasystem.club\/fr\/wp-json\/wp\/v2\/comments?post=294"}],"version-history":[{"count":14,"href":"https:\/\/mediasystem.club\/fr\/wp-json\/wp\/v2\/pages\/294\/revisions"}],"predecessor-version":[{"id":711,"href":"https:\/\/mediasystem.club\/fr\/wp-json\/wp\/v2\/pages\/294\/revisions\/711"}],"wp:attachment":[{"href":"https:\/\/mediasystem.club\/fr\/wp-json\/wp\/v2\/media?parent=294"}],"curies":[{"name":"wp","href":"https:\/\/api.w.org\/{rel}","templated":true}]}}